{"id":4128,"date":"2025-11-09T18:40:38","date_gmt":"2025-11-09T18:40:38","guid":{"rendered":"https:\/\/pflegebuendnis-nds.de\/?page_id=4128"},"modified":"2025-11-09T19:02:57","modified_gmt":"2025-11-09T19:02:57","slug":"pflegebuendnis-niedersachsen","status":"publish","type":"page","link":"https:\/\/pflegebuendnis-nds.de\/pflegebuendnis-niedersachsen-2\/","title":{"rendered":"Pflegeb\u00fcndnis-Niedersachsen"},"content":{"rendered":"\t\t<div data-elementor-type=\"wp-page\" data-elementor-id=\"4128\" class=\"elementor elementor-4128\">\n\t\t\t\t\t\t<section class=\"elementor-section elementor-top-section elementor-element elementor-element-c800934 elementor-section-boxed elementor-section-height-default elementor-section-height-default\" data-id=\"c800934\" data-element_type=\"section\">\n\t\t\t\t\t\t<div class=\"elementor-container elementor-column-gap-default\">\n\t\t\t\t\t<div class=\"elementor-column elementor-col-100 elementor-top-column elementor-element elementor-element-4fb9164\" data-id=\"4fb9164\" data-element_type=\"column\">\n\t\t\t<div class=\"elementor-widget-wrap elementor-element-populated\">\n\t\t\t\t\t\t<div class=\"elementor-element elementor-element-56ebaa4 elementor-widget elementor-widget-spacer\" data-id=\"56ebaa4\" data-element_type=\"widget\" data-widget_type=\"spacer.default\">\n\t\t\t\t<div class=\"elementor-widget-container\">\n\t\t\t\t\t\t\t<div class=\"elementor-spacer\">\n\t\t\t<div class=\"elementor-spacer-inner\"><\/div>\n\t\t<\/div>\n\t\t\t\t\t\t<\/div>\n\t\t\t\t<\/div>\n\t\t\t\t\t<\/div>\n\t\t<\/div>\n\t\t\t\t\t<\/div>\n\t\t<\/section>\n\t\t\t\t<section class=\"elementor-section elementor-top-section elementor-element elementor-element-c5a9dbd elementor-section-boxed elementor-section-height-default elementor-section-height-default\" data-id=\"c5a9dbd\" data-element_type=\"section\" data-settings=\"{&quot;background_background&quot;:&quot;classic&quot;}\">\n\t\t\t\t\t\t<div class=\"elementor-container elementor-column-gap-no\">\n\t\t\t\t\t<div class=\"elementor-column elementor-col-100 elementor-top-column elementor-element elementor-element-a86e7b4\" data-id=\"a86e7b4\" data-element_type=\"column\">\n\t\t\t<div class=\"elementor-widget-wrap elementor-element-populated\">\n\t\t\t\t\t\t<div class=\"elementor-element elementor-element-5425587 elementor-widget-divider--view-line elementor-widget elementor-widget-divider\" data-id=\"5425587\" data-element_type=\"widget\" data-widget_type=\"divider.default\">\n\t\t\t\t<div class=\"elementor-widget-container\">\n\t\t\t\t\t\t\t<div class=\"elementor-divider\">\n\t\t\t<span class=\"elementor-divider-separator\">\n\t\t\t\t\t\t<\/span>\n\t\t<\/div>\n\t\t\t\t\t\t<\/div>\n\t\t\t\t<\/div>\n\t\t\t\t<div class=\"elementor-element elementor-element-c81df66 elementor-widget elementor-widget-text-editor\" data-id=\"c81df66\" data-element_type=\"widget\" data-widget_type=\"text-editor.default\">\n\t\t\t\t<div class=\"elementor-widget-container\">\n\t\t\t\t\t\t\t\t\t<h4 style=\"text-align: center;\"><span style=\"color: #000000;\">Willkommen auf der Internetseite des Pflegeb\u00fcndnis Niedersachsen<br \/><br \/>Wir stellen den Betrieb unsere Internetseite zum 15.11.2025 ein.<\/span><\/h4>\t\t\t\t\t\t\t\t<\/div>\n\t\t\t\t<\/div>\n\t\t\t\t<div class=\"elementor-element elementor-element-e1b1b6f elementor-widget-divider--view-line elementor-widget elementor-widget-divider\" data-id=\"e1b1b6f\" data-element_type=\"widget\" data-widget_type=\"divider.default\">\n\t\t\t\t<div class=\"elementor-widget-container\">\n\t\t\t\t\t\t\t<div class=\"elementor-divider\">\n\t\t\t<span class=\"elementor-divider-separator\">\n\t\t\t\t\t\t<\/span>\n\t\t<\/div>\n\t\t\t\t\t\t<\/div>\n\t\t\t\t<\/div>\n\t\t\t\t\t<\/div>\n\t\t<\/div>\n\t\t\t\t\t<\/div>\n\t\t<\/section>\n\t\t\t\t<section class=\"elementor-section elementor-top-section elementor-element elementor-element-ed61fb2 elementor-section-boxed elementor-section-height-default elementor-section-height-default\" data-id=\"ed61fb2\" data-element_type=\"section\">\n\t\t\t\t\t\t<div class=\"elementor-container elementor-column-gap-default\">\n\t\t\t\t\t<div class=\"elementor-column elementor-col-100 elementor-top-column elementor-element elementor-element-b83be43\" data-id=\"b83be43\" data-element_type=\"column\">\n\t\t\t<div class=\"elementor-widget-wrap elementor-element-populated\">\n\t\t\t\t\t\t<div class=\"elementor-element elementor-element-602df94 elementor-widget elementor-widget-spacer\" data-id=\"602df94\" data-element_type=\"widget\" data-widget_type=\"spacer.default\">\n\t\t\t\t<div class=\"elementor-widget-container\">\n\t\t\t\t\t\t\t<div class=\"elementor-spacer\">\n\t\t\t<div class=\"elementor-spacer-inner\"><\/div>\n\t\t<\/div>\n\t\t\t\t\t\t<\/div>\n\t\t\t\t<\/div>\n\t\t\t\t\t<\/div>\n\t\t<\/div>\n\t\t\t\t\t<\/div>\n\t\t<\/section>\n\t\t\t\t<section class=\"elementor-section elementor-top-section elementor-element elementor-element-6a7087e elementor-section-boxed elementor-section-height-default elementor-section-height-default\" data-id=\"6a7087e\" data-element_type=\"section\">\n\t\t\t\t\t\t<div class=\"elementor-container elementor-column-gap-default\">\n\t\t\t\t\t<div class=\"elementor-column elementor-col-50 elementor-top-column elementor-element elementor-element-773ef37\" data-id=\"773ef37\" data-element_type=\"column\">\n\t\t\t<div class=\"elementor-widget-wrap\">\n\t\t\t\t\t\t\t<\/div>\n\t\t<\/div>\n\t\t\t\t<div class=\"elementor-column elementor-col-50 elementor-top-column elementor-element elementor-element-40cdb15\" data-id=\"40cdb15\" data-element_type=\"column\">\n\t\t\t<div class=\"elementor-widget-wrap\">\n\t\t\t\t\t\t\t<\/div>\n\t\t<\/div>\n\t\t\t\t\t<\/div>\n\t\t<\/section>\n\t\t\t\t<footer class=\"elementor-section elementor-top-section elementor-element elementor-element-2ee3c9f elementor-section-content-bottom elementor-section-boxed elementor-section-height-default elementor-section-height-default\" data-id=\"2ee3c9f\" data-element_type=\"section\" data-settings=\"{&quot;background_background&quot;:&quot;classic&quot;}\">\n\t\t\t\t\t\t<div class=\"elementor-container elementor-column-gap-default\">\n\t\t\t\t\t<div class=\"elementor-column elementor-col-100 elementor-top-column elementor-element elementor-element-e3de551\" data-id=\"e3de551\" data-element_type=\"column\">\n\t\t\t<div class=\"elementor-widget-wrap elementor-element-populated\">\n\t\t\t\t\t\t<div class=\"elementor-element elementor-element-908fb97 elementor-widget elementor-widget-spacer\" data-id=\"908fb97\" data-element_type=\"widget\" data-widget_type=\"spacer.default\">\n\t\t\t\t<div class=\"elementor-widget-container\">\n\t\t\t\t\t\t\t<div class=\"elementor-spacer\">\n\t\t\t<div class=\"elementor-spacer-inner\"><\/div>\n\t\t<\/div>\n\t\t\t\t\t\t<\/div>\n\t\t\t\t<\/div>\n\t\t\t\t\t<\/div>\n\t\t<\/div>\n\t\t\t\t\t<\/div>\n\t\t<\/footer>\n\t\t\t\t<\/div>\n\t\t","protected":false},"excerpt":{"rendered":"<p>Willkommen auf der Internetseite des Pflegeb\u00fcndnis Niedersachsen Wir stellen den Betrieb unsere Internetseite zum 15.11.2025 ein.<\/p>\n","protected":false},"author":1,"featured_media":0,"parent":0,"menu_order":0,"comment_status":"closed","ping_status":"closed","template":"","meta":{"ocean_post_layout":"full-screen","ocean_both_sidebars_style":"","ocean_both_sidebars_content_width":0,"ocean_both_sidebars_sidebars_width":0,"ocean_sidebar":"0","ocean_second_sidebar":"0","ocean_disable_margins":"enable","ocean_add_body_class":"","ocean_shortcode_before_top_bar":"","ocean_shortcode_after_top_bar":"","ocean_shortcode_before_header":"","ocean_shortcode_after_header":"","ocean_has_shortcode":"","ocean_shortcode_after_title":"","ocean_shortcode_before_footer_widgets":"","ocean_shortcode_after_footer_widgets":"","ocean_shortcode_before_footer_bottom":"","ocean_shortcode_after_footer_bottom":"","ocean_display_top_bar":"off","ocean_display_header":"on","ocean_header_style":"","ocean_center_header_left_menu":"0","ocean_custom_header_template":"0","ocean_custom_logo":0,"ocean_custom_retina_logo":0,"ocean_custom_logo_max_width":0,"ocean_custom_logo_tablet_max_width":0,"ocean_custom_logo_mobile_max_width":0,"ocean_custom_logo_max_height":0,"ocean_custom_logo_tablet_max_height":0,"ocean_custom_logo_mobile_max_height":0,"ocean_header_custom_menu":"0","ocean_menu_typo_font_family":"Trebuchet MS, Helvetica, sans-serif","ocean_menu_typo_font_subset":"","ocean_menu_typo_font_size":0,"ocean_menu_typo_font_size_tablet":0,"ocean_menu_typo_font_size_mobile":0,"ocean_menu_typo_font_size_unit":"px","ocean_menu_typo_font_weight":"","ocean_menu_typo_font_weight_tablet":"","ocean_menu_typo_font_weight_mobile":"","ocean_menu_typo_transform":"","ocean_menu_typo_transform_tablet":"","ocean_menu_typo_transform_mobile":"","ocean_menu_typo_line_height":0,"ocean_menu_typo_line_height_tablet":0,"ocean_menu_typo_line_height_mobile":0,"ocean_menu_typo_line_height_unit":"","ocean_menu_typo_spacing":0,"ocean_menu_typo_spacing_tablet":0,"ocean_menu_typo_spacing_mobile":0,"ocean_menu_typo_spacing_unit":"","ocean_menu_link_color":"","ocean_menu_link_color_hover":"","ocean_menu_link_color_active":"","ocean_menu_link_background":"","ocean_menu_link_hover_background":"","ocean_menu_link_active_background":"","ocean_menu_social_links_bg":"","ocean_menu_social_hover_links_bg":"","ocean_menu_social_links_color":"","ocean_menu_social_hover_links_color":"","ocean_disable_title":"on","ocean_disable_heading":"default","ocean_post_title":"","ocean_post_subheading":"","ocean_post_title_style":"","ocean_post_title_background_color":"","ocean_post_title_background":0,"ocean_post_title_bg_image_position":"","ocean_post_title_bg_image_attachment":"","ocean_post_title_bg_image_repeat":"","ocean_post_title_bg_image_size":"","ocean_post_title_height":0,"ocean_post_title_bg_overlay":0.5,"ocean_post_title_bg_overlay_color":"","ocean_disable_breadcrumbs":"default","ocean_breadcrumbs_color":"","ocean_breadcrumbs_separator_color":"","ocean_breadcrumbs_links_color":"","ocean_breadcrumbs_links_hover_color":"","ocean_display_footer_widgets":"on","ocean_display_footer_bottom":"on","ocean_custom_footer_template":"0","footnotes":""},"class_list":["post-4128","page","type-page","status-publish","hentry","entry"],"yoast_head":"<!-- This site is optimized with the Yoast SEO plugin v24.5 - https:\/\/yoast.com\/wordpress\/plugins\/seo\/ -->\n<title>Pflegeb\u00fcndnis-Niedersachsen - pflegeb\u00fcndnis niedersachsen<\/title>\n<meta name=\"description\" content=\"Das Pflegeb\u00fcndnis Niedersachsen ist ein von Parteien, Gewerkschaften und Berufsverb\u00e4nden unabh\u00e4ngiger Zusammenschluss vieler B\u00fcndnisse in Nds\" \/>\n<meta name=\"robots\" content=\"index, follow, max-snippet:-1, max-image-preview:large, max-video-preview:-1\" \/>\n<link rel=\"canonical\" href=\"https:\/\/pflegebuendnis-nds.de\/pflegebuendnis-niedersachsen-2\/\" \/>\n<meta property=\"og:locale\" content=\"de_DE\" \/>\n<meta property=\"og:type\" content=\"article\" \/>\n<meta property=\"og:title\" content=\"Pflegeb\u00fcndnis-Niedersachsen - pflegeb\u00fcndnis niedersachsen\" \/>\n<meta property=\"og:description\" content=\"Das Pflegeb\u00fcndnis Niedersachsen ist ein von Parteien, Gewerkschaften und Berufsverb\u00e4nden unabh\u00e4ngiger Zusammenschluss vieler B\u00fcndnisse in Nds\" \/>\n<meta property=\"og:url\" content=\"https:\/\/pflegebuendnis-nds.de\/pflegebuendnis-niedersachsen-2\/\" \/>\n<meta property=\"og:site_name\" content=\"pflegeb\u00fcndnis niedersachsen\" \/>\n<meta property=\"article:publisher\" content=\"https:\/\/www.facebook.com\/groups\/297213664070555\/\" \/>\n<meta property=\"article:modified_time\" content=\"2025-11-09T19:02:57+00:00\" \/>\n<meta name=\"twitter:card\" content=\"summary_large_image\" \/>\n<meta name=\"twitter:label1\" content=\"Gesch\u00e4tzte Lesezeit\" \/>\n\t<meta name=\"twitter:data1\" content=\"1\u00a0Minute\" \/>\n<script type=\"application\/ld+json\" class=\"yoast-schema-graph\">{\"@context\":\"https:\/\/schema.org\",\"@graph\":[{\"@type\":\"WebPage\",\"@id\":\"https:\/\/pflegebuendnis-nds.de\/pflegebuendnis-niedersachsen-2\/\",\"url\":\"https:\/\/pflegebuendnis-nds.de\/pflegebuendnis-niedersachsen-2\/\",\"name\":\"Pflegeb\u00fcndnis-Niedersachsen - pflegeb\u00fcndnis niedersachsen\",\"isPartOf\":{\"@id\":\"https:\/\/pflegebuendnis-nds.de\/pflegebuendnis-niedersachsen-2\/#website\"},\"datePublished\":\"2025-11-09T18:40:38+00:00\",\"dateModified\":\"2025-11-09T19:02:57+00:00\",\"description\":\"Das Pflegeb\u00fcndnis Niedersachsen ist ein von Parteien, Gewerkschaften und Berufsverb\u00e4nden unabh\u00e4ngiger Zusammenschluss vieler B\u00fcndnisse in Nds\",\"breadcrumb\":{\"@id\":\"https:\/\/pflegebuendnis-nds.de\/pflegebuendnis-niedersachsen-2\/#breadcrumb\"},\"inLanguage\":\"de\",\"potentialAction\":[{\"@type\":\"ReadAction\",\"target\":[\"https:\/\/pflegebuendnis-nds.de\/pflegebuendnis-niedersachsen-2\/\"]}]},{\"@type\":\"BreadcrumbList\",\"@id\":\"https:\/\/pflegebuendnis-nds.de\/pflegebuendnis-niedersachsen-2\/#breadcrumb\",\"itemListElement\":[{\"@type\":\"ListItem\",\"position\":1,\"name\":\"Startseite\",\"item\":\"https:\/\/pflegebuendnis-nds.de\/pflegebuendnis-niedersachsen-2\/\"},{\"@type\":\"ListItem\",\"position\":2,\"name\":\"Pflegeb\u00fcndnis-Niedersachsen\"}]},{\"@type\":\"WebSite\",\"@id\":\"https:\/\/pflegebuendnis-nds.de\/pflegebuendnis-niedersachsen-2\/#website\",\"url\":\"https:\/\/pflegebuendnis-nds.de\/pflegebuendnis-niedersachsen-2\/\",\"name\":\"pflegeb\u00fcndnis niedersachsen\",\"description\":\"Zusammenschluss von Pflegeb\u00fcndnissen in Niedersachsen\",\"publisher\":{\"@id\":\"https:\/\/pflegebuendnis-nds.de\/pflegebuendnis-niedersachsen-2\/#organization\"},\"potentialAction\":[{\"@type\":\"SearchAction\",\"target\":{\"@type\":\"EntryPoint\",\"urlTemplate\":\"https:\/\/pflegebuendnis-nds.de\/pflegebuendnis-niedersachsen-2\/?s={search_term_string}\"},\"query-input\":{\"@type\":\"PropertyValueSpecification\",\"valueRequired\":true,\"valueName\":\"search_term_string\"}}],\"inLanguage\":\"de\"},{\"@type\":\"Organization\",\"@id\":\"https:\/\/pflegebuendnis-nds.de\/pflegebuendnis-niedersachsen-2\/#organization\",\"name\":\"Pflegeb\u00fcndnis Niedersachsen\",\"url\":\"https:\/\/pflegebuendnis-nds.de\/pflegebuendnis-niedersachsen-2\/\",\"logo\":{\"@type\":\"ImageObject\",\"inLanguage\":\"de\",\"@id\":\"https:\/\/pflegebuendnis-nds.de\/pflegebuendnis-niedersachsen-2\/#\/schema\/logo\/image\/\",\"url\":\"https:\/\/pflegebuendnis-nds.de\/wp-content\/uploads\/2021\/01\/fuer_google.jpg\",\"contentUrl\":\"https:\/\/pflegebuendnis-nds.de\/wp-content\/uploads\/2021\/01\/fuer_google.jpg\",\"width\":680,\"height\":300,\"caption\":\"Pflegeb\u00fcndnis Niedersachsen\"},\"image\":{\"@id\":\"https:\/\/pflegebuendnis-nds.de\/pflegebuendnis-niedersachsen-2\/#\/schema\/logo\/image\/\"},\"sameAs\":[\"https:\/\/www.facebook.com\/groups\/297213664070555\/\"]}]}<\/script>\n<!-- \/ Yoast SEO plugin. -->","yoast_head_json":{"title":"Pflegeb\u00fcndnis-Niedersachsen - pflegeb\u00fcndnis niedersachsen","description":"Das Pflegeb\u00fcndnis Niedersachsen ist ein von Parteien, Gewerkschaften und Berufsverb\u00e4nden unabh\u00e4ngiger Zusammenschluss vieler B\u00fcndnisse in Nds","robots":{"index":"index","follow":"follow","max-snippet":"max-snippet:-1","max-image-preview":"max-image-preview:large","max-video-preview":"max-video-preview:-1"},"canonical":"https:\/\/pflegebuendnis-nds.de\/pflegebuendnis-niedersachsen-2\/","og_locale":"de_DE","og_type":"article","og_title":"Pflegeb\u00fcndnis-Niedersachsen - pflegeb\u00fcndnis niedersachsen","og_description":"Das Pflegeb\u00fcndnis Niedersachsen ist ein von Parteien, Gewerkschaften und Berufsverb\u00e4nden unabh\u00e4ngiger Zusammenschluss vieler B\u00fcndnisse in Nds","og_url":"https:\/\/pflegebuendnis-nds.de\/pflegebuendnis-niedersachsen-2\/","og_site_name":"pflegeb\u00fcndnis niedersachsen","article_publisher":"https:\/\/www.facebook.com\/groups\/297213664070555\/","article_modified_time":"2025-11-09T19:02:57+00:00","twitter_card":"summary_large_image","twitter_misc":{"Gesch\u00e4tzte Lesezeit":"1\u00a0Minute"},"schema":{"@context":"https:\/\/schema.org","@graph":[{"@type":"WebPage","@id":"https:\/\/pflegebuendnis-nds.de\/pflegebuendnis-niedersachsen-2\/","url":"https:\/\/pflegebuendnis-nds.de\/pflegebuendnis-niedersachsen-2\/","name":"Pflegeb\u00fcndnis-Niedersachsen - pflegeb\u00fcndnis niedersachsen","isPartOf":{"@id":"https:\/\/pflegebuendnis-nds.de\/pflegebuendnis-niedersachsen-2\/#website"},"datePublished":"2025-11-09T18:40:38+00:00","dateModified":"2025-11-09T19:02:57+00:00","description":"Das Pflegeb\u00fcndnis Niedersachsen ist ein von Parteien, Gewerkschaften und Berufsverb\u00e4nden unabh\u00e4ngiger Zusammenschluss vieler B\u00fcndnisse in Nds","breadcrumb":{"@id":"https:\/\/pflegebuendnis-nds.de\/pflegebuendnis-niedersachsen-2\/#breadcrumb"},"inLanguage":"de","potentialAction":[{"@type":"ReadAction","target":["https:\/\/pflegebuendnis-nds.de\/pflegebuendnis-niedersachsen-2\/"]}]},{"@type":"BreadcrumbList","@id":"https:\/\/pflegebuendnis-nds.de\/pflegebuendnis-niedersachsen-2\/#breadcrumb","itemListElement":[{"@type":"ListItem","position":1,"name":"Startseite","item":"https:\/\/pflegebuendnis-nds.de\/pflegebuendnis-niedersachsen-2\/"},{"@type":"ListItem","position":2,"name":"Pflegeb\u00fcndnis-Niedersachsen"}]},{"@type":"WebSite","@id":"https:\/\/pflegebuendnis-nds.de\/pflegebuendnis-niedersachsen-2\/#website","url":"https:\/\/pflegebuendnis-nds.de\/pflegebuendnis-niedersachsen-2\/","name":"pflegeb\u00fcndnis niedersachsen","description":"Zusammenschluss von Pflegeb\u00fcndnissen in Niedersachsen","publisher":{"@id":"https:\/\/pflegebuendnis-nds.de\/pflegebuendnis-niedersachsen-2\/#organization"},"potentialAction":[{"@type":"SearchAction","target":{"@type":"EntryPoint","urlTemplate":"https:\/\/pflegebuendnis-nds.de\/pflegebuendnis-niedersachsen-2\/?s={search_term_string}"},"query-input":{"@type":"PropertyValueSpecification","valueRequired":true,"valueName":"search_term_string"}}],"inLanguage":"de"},{"@type":"Organization","@id":"https:\/\/pflegebuendnis-nds.de\/pflegebuendnis-niedersachsen-2\/#organization","name":"Pflegeb\u00fcndnis Niedersachsen","url":"https:\/\/pflegebuendnis-nds.de\/pflegebuendnis-niedersachsen-2\/","logo":{"@type":"ImageObject","inLanguage":"de","@id":"https:\/\/pflegebuendnis-nds.de\/pflegebuendnis-niedersachsen-2\/#\/schema\/logo\/image\/","url":"https:\/\/pflegebuendnis-nds.de\/wp-content\/uploads\/2021\/01\/fuer_google.jpg","contentUrl":"https:\/\/pflegebuendnis-nds.de\/wp-content\/uploads\/2021\/01\/fuer_google.jpg","width":680,"height":300,"caption":"Pflegeb\u00fcndnis Niedersachsen"},"image":{"@id":"https:\/\/pflegebuendnis-nds.de\/pflegebuendnis-niedersachsen-2\/#\/schema\/logo\/image\/"},"sameAs":["https:\/\/www.facebook.com\/groups\/297213664070555\/"]}]}},"_links":{"self":[{"href":"https:\/\/pflegebuendnis-nds.de\/pflegebuendnis-niedersachsen-2\/wp-json\/wp\/v2\/pages\/4128","targetHints":{"allow":["GET"]}}],"collection":[{"href":"https:\/\/pflegebuendnis-nds.de\/pflegebuendnis-niedersachsen-2\/wp-json\/wp\/v2\/pages"}],"about":[{"href":"https:\/\/pflegebuendnis-nds.de\/pflegebuendnis-niedersachsen-2\/wp-json\/wp\/v2\/types\/page"}],"author":[{"embeddable":true,"href":"https:\/\/pflegebuendnis-nds.de\/pflegebuendnis-niedersachsen-2\/wp-json\/wp\/v2\/users\/1"}],"replies":[{"embeddable":true,"href":"https:\/\/pflegebuendnis-nds.de\/pflegebuendnis-niedersachsen-2\/wp-json\/wp\/v2\/comments?post=4128"}],"version-history":[{"count":18,"href":"https:\/\/pflegebuendnis-nds.de\/pflegebuendnis-niedersachsen-2\/wp-json\/wp\/v2\/pages\/4128\/revisions"}],"predecessor-version":[{"id":4151,"href":"https:\/\/pflegebuendnis-nds.de\/pflegebuendnis-niedersachsen-2\/wp-json\/wp\/v2\/pages\/4128\/revisions\/4151"}],"wp:attachment":[{"href":"https:\/\/pflegebuendnis-nds.de\/pflegebuendnis-niedersachsen-2\/wp-json\/wp\/v2\/media?parent=4128"}],"curies":[{"name":"wp","href":"https:\/\/api.w.org\/{rel}","templated":true}]}}